{"id":5524,"date":"2022-07-19T14:52:49","date_gmt":"2022-07-19T12:52:49","guid":{"rendered":"https:\/\/zufahrtssperre.de\/access-barriers\/"},"modified":"2026-03-04T14:12:58","modified_gmt":"2026-03-04T13:12:58","slug":"access-barriers","status":"publish","type":"page","link":"https:\/\/zufahrtssperre.de\/en\/","title":{"rendered":"Access barriers"},"content":{"rendered":"\n\n\t\n\t<meta itemprop=\"name\" content=\"Mobile Zufahrtssperren am Hochheimer Markt im November 2024\" \/><meta itemprop=\"description\" content=\"Einsatz mobiler Zufahrtssperren am Hochheimer Markt\" \/><meta itemprop=\"uploadDate\" content=\"2024-12-10T11:00+01:00\" \/><meta itemprop=\"thumbnailUrl\" content=\"https:\/\/zufahrtssperre.de\/wp-content\/uploads\/2024\/12\/hqdefault.jpg\" \/><meta itemprop=\"contentUrl\" content=\"https:\/\/www.youtube.com\/watch?v=CMb3G1YJuHg\" \/><meta itemprop=\"embedUrl\" content=\"https:\/\/www.youtube.com\/watch?v=CMb3G1YJuHg\" \/>\t\n\t<iframe allowfullscreen allow=\"autoplay\" data-src=\"https:\/\/www.youtube-nocookie.com\/embed\/CMb3G1YJuHg?feature=oembed&amp;start&amp;end&amp;wmode=opaque&amp;loop=0&amp;controls=1&amp;mute=0&amp;rel=0&amp;modestbranding=1\" title=\"Mobile Zufahrtssperren am Hochheimer Markt im November 2024\"><\/iframe>\t\t\n\t\t\t\t\tPlay Video\n\tDie Verbindung zu YouTube ist blockiert worden. Durch einen Klick auf den Play-Button heben Sie diese Blockierung auf und akzeptieren die Datenschutzbestimmungen von YouTube.<br \/>\n<a href=\"https:\/\/policies.google.com\/privacy?hl=de&amp;gl=de\" target=\"_blank\" rel=\"noopener\">Mehr Informationen zum Datenschutz von YouTube finden Sie hier<\/a>\n<h2>\n\t\t\tMit unseren zertifizierten mobilen Zufahrtssperren f\u00fcr maximale Sicherheit! Perfekt angepasst an Ihre Anforderungen\t<\/h2>\n\t\t<h4>\n\t\t\tModal Box\n\t\t\t\t\t<\/h4>\n\t\t<h5>modal-<\/h5>\n\t\tClick here to edit the &#8220;modal-box&#8221; settings. This text is only for editing and will not appear after you publish the changes.\t\n\t\t\t\t\t\tPreview\n\t\t\tmodal-\n\t\t\t\t\t\t<img decoding=\"async\" src=\"https:\/\/zufahrtssperre.de\/wp-content\/uploads\/2025\/12\/frohes-fest-2025.jpg\" alt=\"Wir w\u00fcnschen Ihnen frohe Festtage und alles Gute im neuen Jahr.\u3000 Vom 24. Dezember 2025 bis einschlie\u00dflich 04. Januar 2026 bleibt unser Betrieb geschlossen.\" \/>\t\t\t\t\t\n\t\t\t\t<img decoding=\"async\" src=\"https:\/\/zufahrtssperre.de\/wp-content\/uploads\/2020\/11\/orange-line-skewed.svg\" alt=\"Orange Line Skewed\" itemprop=\"image\" height=\"0\" width=\"0\" title=\"Orange Line Skewed\" onerror=\"this.style.display='none'\" loading=\"lazy\" \/>\n<h2>\n\t\t\tAnwendungs&shy;gebiete f\u00fcr unsere zertifizierten Fahrzeug&shy;sperren\t<\/h2>\n<h3>\n\t\t<a href=\"https:\/\/zufahrtssperre.de\/en\/city-and-municipal-authorities\/\" title=\"Kommunen &amp; St\u00e4dte\"  target=\"_self\">\n\t\t\tKommunen &#038; St\u00e4dte\t\t<\/a>\n\t<\/h3>\n<h3>\n\t\t<a href=\"https:\/\/zufahrtssperre.de\/en\/events-and-festivals\/\" title=\"Events\"  target=\"_self\">\n\t\t\tEvents\t\t<\/a>\n\t<\/h3>\n<h3>\n\t\t<a href=\"https:\/\/zufahrtssperre.de\/temporaere-durchfahrtssperren\/\" title=\"Tempor\u00e4re Durchfahrtssperren zu Ihrer Sicherheit\"  target=\"_self\">\n\t\t\tTempor\u00e4re Durchfahrtssperren zu Ihrer Sicherheit\t\t<\/a>\n\t<\/h3>\n<h3>\n\t\t<a href=\"https:\/\/zufahrtssperre.de\/en\/police-and-defence\/\" title=\"Polizei &amp; Defense\"  target=\"_self\">\n\t\t\tPolizei &#038; Defense\t\t<\/a>\n\t<\/h3>\n<h2>\n\t\t\tZufahrtssperren\t<\/h2>\n\t\t\t\t<img decoding=\"async\" src=\"https:\/\/zufahrtssperre.de\/wp-content\/uploads\/2024\/06\/safety-claw-detail-1-800x450.png\" alt=\"safety claw detail 1\" itemprop=\"image\" height=\"450\" width=\"800\" title=\"safety claw detail 1\" onerror=\"this.style.display='none'\" loading=\"lazy\" \/>\n<h3>\n\t\t<a href=\"https:\/\/zufahrtssperre.de\/en\/mobile-vehicle-barriers\/\" title=\"Mobile Fahrzeugsperren\"  target=\"_self\">\n\t\t\tMobile Fahrzeugsperren\t\t<\/a>\n\t<\/h3>\n\t\t\t\t<img decoding=\"async\" src=\"https:\/\/zufahrtssperre.de\/wp-content\/uploads\/2024\/06\/pitagone-produkt-800x446.png\" alt=\"pitagone produkt\" itemprop=\"image\" height=\"446\" width=\"800\" title=\"pitagone produkt\" onerror=\"this.style.display='none'\" loading=\"lazy\" \/>\n<h3>\n\t\t<a href=\"https:\/\/zufahrtssperre.de\/en\/access-barriers-drivethrough\/\" title=\"Mobile Fahrzeug&shy;sperren mit Zufahrts&shy;m\u00f6glichkeit\"  target=\"_self\">\n\t\t\tMobile Fahrzeug&shy;sperren mit Zufahrts&shy;m\u00f6glichkeit\t\t<\/a>\n\t<\/h3>\n<h2>\n\t\t\tPerimeter&shy;schutz\t<\/h2>\n\t\t\t\t<img decoding=\"async\" src=\"https:\/\/zufahrtssperre.de\/wp-content\/uploads\/2025\/06\/vsv-cam-freisteller-low-159x600.png\" alt=\"vsv cam freisteller low\" itemprop=\"image\" height=\"600\" width=\"159\" title=\"vsv cam freisteller low\" onerror=\"this.style.display='none'\" loading=\"lazy\" \/>\n<h3>\n\t\t<a href=\"https:\/\/zufahrtssperre.de\/full-service\/videoueberwachung\/\" title=\"Video\u00fcberwachung\"  target=\"_self\">\n\t\t\tVideo\u00fcberwachung\t\t<\/a>\n\t<\/h3>\n\t\t\t\t<a href=\"https:\/\/zufahrtssperre.de\/en\/contact\/\"  target=\"_self\" itemprop=\"url\">\n\t\t\t\t<img decoding=\"async\" src=\"https:\/\/zufahrtssperre.de\/wp-content\/uploads\/2025\/10\/v-gate-vsv-volkmann-kopie.png\" alt=\"v gate vsv volkmann kopie\" itemprop=\"image\" height=\"219\" width=\"200\" title=\"v gate vsv volkmann kopie\" onerror=\"this.style.display='none'\" loading=\"lazy\" \/>\n\t\t\t\t<\/a>\n<h3>\n\t\t<a href=\"https:\/\/zufahrtssperre.de\/en\/contact\/\" title=\"Mobile Event- &amp; Baustellensicherung\"  target=\"_self\">\n\t\t\tMobile Event- &#038; Baustellensicherung\t\t<\/a>\n\t<\/h3>\n\t\t\t\t<img decoding=\"async\" src=\"https:\/\/zufahrtssperre.de\/wp-content\/uploads\/2020\/11\/orange-line-skewed.svg\" alt=\"Orange Line Skewed\" itemprop=\"image\" height=\"0\" width=\"0\" title=\"Orange Line Skewed\" onerror=\"this.style.display='none'\" loading=\"lazy\" \/>\n<h2>\n\t\t\tIhr zuverl\u00e4ssiger Partner in Sachen Sicherheit\t<\/h2>\n\t<p>Wir bieten Ihnen echten Full Service!<\/p>\n<h3>\n\t\t<a href=\"https:\/\/zufahrtssperre.de\/en\/full-service\/#fsb-faq-1\" title=\"Beratung\"  target=\"_self\">\n\t\t\tBeratung\t\t<\/a>\n\t<\/h3>\n<h3>\n\t\t<a href=\"https:\/\/zufahrtssperre.de\/en\/full-service\/#fsb-faq-1\" title=\"Schulung &amp; Unterweisung\"  target=\"_self\">\n\t\t\tSchulung &#038; Unterweisung\t\t<\/a>\n\t<\/h3>\n<h3>\n\t\t<a href=\"https:\/\/zufahrtssperre.de\/en\/full-service\/#fsb-faq-4\" title=\"Perimeterschutz\"  target=\"_self\">\n\t\t\tPerimeterschutz\t\t<\/a>\n\t<\/h3>\n<h3>\n\t\t<a href=\"https:\/\/zufahrtssperre.de\/en\/full-service\/#fsb-faq-2\" title=\"Planung &amp; Umsetzung\"  target=\"_self\">\n\t\t\tPlanung &#038; Umsetzung\t\t<\/a>\n\t<\/h3>\n<h3>\n\t\t<a href=\"https:\/\/zufahrtssperre.de\/en\/full-service\/#fsb-faq-5\" title=\"Transport &amp; Aufbau\"  target=\"_self\">\n\t\t\tTransport &#038; Aufbau\t\t<\/a>\n\t<\/h3>\n<h3>\n\t\t<a href=\"https:\/\/zufahrtssperre.de\/en\/full-service\/#fsb-faq-6\" title=\"Aftersales\"  target=\"_self\">\n\t\t\tAftersales\t\t<\/a>\n\t<\/h3>\n\t\t\t\t<img decoding=\"async\" src=\"https:\/\/zufahrtssperre.de\/wp-content\/uploads\/2020\/11\/orange-line-skewed.svg\" alt=\"Orange Line Skewed\" itemprop=\"image\" height=\"0\" width=\"0\" title=\"Orange Line Skewed\" onerror=\"this.style.display='none'\" loading=\"lazy\" \/>\n<h2>\n\t\t\tFragen Sie gleich ein unverbindliches Beratungsgespr\u00e4ch zu unseren mobilen Stra\u00dfensperren an!\t<\/h2>\n\t<p>Sprechen Sie uns an &#8211; wir beraten Sie gerne<\/p>\n\t<p>Sie haben Fragen rund um unsere Leistungen im Bereich der Zufahrtsschutzkonzepte? Sie w\u00fcnschen eine individuelle Beratung mit einem unserer Sicherheitsexperten? Melden Sie sich gerne jederzeit bei uns, wir beraten Sie umfassend und gehen dabei auf Ihre speziellen Anforderungen ein. Unser deutschlandweites Netzwerk hilft uns dabei, auch bei Ihnen vor Ort gemeinsam passende L\u00f6sungen zu erarbeiten.<\/p>\n\t\t\t<a href=\"https:\/\/zufahrtssperre.de\/en\/contact\/\" target=\"_self\">\n\t\t\t\t\t\t\tKontakt aufnehmen\n\t\t\t<\/a>\n\t\t\t\t<img decoding=\"async\" src=\"https:\/\/zufahrtssperre.de\/wp-content\/uploads\/2024\/08\/alexander-pelletier-low.png\" alt=\"Alexander Pelletier low\" itemprop=\"image\" height=\"400\" width=\"400\" title=\"Alexander Pelletier low\" onerror=\"this.style.display='none'\" loading=\"lazy\" \/>\n<h3>\n\t\t\tAlexander Pelletier\t<\/h3>\n\t\t\t\t<img decoding=\"async\" src=\"https:\/\/zufahrtssperre.de\/wp-content\/uploads\/2020\/11\/orange-line-skewed.svg\" alt=\"Orange Line Skewed\" itemprop=\"image\" height=\"0\" width=\"0\" title=\"Orange Line Skewed\" onerror=\"this.style.display='none'\" loading=\"lazy\" \/>\n<h2>\n\t\t\tFragen Sie gleich ein unverbindliches Beratungsgespr\u00e4ch zu unseren mobilen Stra\u00dfensperren an!\t<\/h2>\n\t<p>Unser deutschlandweites Netzwerk hilft uns dabei, auch bei Ihnen vor Ort gemeinsam passende L\u00f6sungen zu erarbeiten.<\/p>\n<p><strong>Anhand der Deutschlandkarte k\u00f6nnen Sie ganz einfach Ihren regionalen Ansprechpartner ermitteln:<\/strong><\/p>\n<p>F\u00fcr die <strong data-start=\"234\" data-end=\"283\">orange <\/strong>gekennzeichneten Regionen Deutschlands steht Ihnen <strong data-start=\"296\" data-end=\"315\">Jann Metternich<\/strong> als Ansprechpartner zur Verf\u00fcgung. F\u00fcr die <strong>grau<\/strong> gekennzeichneten Regionen ist <strong data-start=\"400\" data-end=\"417\">Andre J\u00fcttner<\/strong> zust\u00e4ndig und f\u00fcr die <strong data-start=\"443\" data-end=\"480\">schwarz <\/strong>gekennzeichneten Regionen ist <strong data-start=\"485\" data-end=\"506\">Simon Nikodemus<\/strong> Ihr Ansprechpartner.<\/p>\n<p>Bei internationalen Anfragen wenden Sie sich bitte an <strong>Simon Schnurbusch<\/strong>.<\/p>\n\t\t\t<a href=\"https:\/\/zufahrtssperre.de\/en\/contact\/\" target=\"_self\">\n\t\t\t\t\t\t\tKontakt aufnehmen\n\t\t\t<\/a>\n\t\t\t<img decoding=\"async\" src=\"https:\/\/zufahrtssperre.de\/wp-content\/uploads\/2025\/11\/vertrieb-map-vsv-2025.webp\" alt=\"Deutschlandkarte mit den Vertriebsgebieten\"\/>\n\t\t\t\t\t\t\t\t\t\t\t\t\t\t\t<img decoding=\"async\" src=\"https:\/\/zufahrtssperre.de\/wp-content\/uploads\/2025\/04\/jann-metternich.jpg\" alt=\"hotspot-marker\"\/>\n\t\t\t\t\t\t\t\t\t\tVertrieb West Jann\n\t\t\t\t\t\t\t\t\t\t\t\t\t\t<p><img loading=\"lazy\" decoding=\"async\" src=\"https:\/\/zufahrtssperre.de\/wp-content\/uploads\/2025\/04\/jann-metternich.jpg\" alt=\"jann metternich\" width=\"180\" height=\"180\" \/><\/p>\n<h3>Jann Metternich<\/h3>\nProjektleiter Sicherheitstechnik<br \/>\nBeratung &amp; Vertrieb\n<a href=\"mailto:j.metternich@volkmann-sv.de\">j.metternich@volkmann-sv.de<\/a><br \/>\n<a href=\"tel:+491754109358\">+49 175 410 935 8<\/a><br \/>\n\n\t\t\t\t\t\t\t\t\t\t\t\t\t\t\t<img decoding=\"async\" src=\"https:\/\/zufahrtssperre.de\/wp-content\/uploads\/2025\/04\/silhouette-mann-3.png\" alt=\"hotspot-marker\"\/>\n\t\t\t\t\t\t\t\t\t\tVertrieb West Simon\n\t\t\t\t\t\t\t\t\t\t\t\t\t\t<h3>Simon Nikodemus<\/h3><p>Projektleiter Sicherheitstechnik<br \/>Beratung &amp; Vertrieb<br \/><a href=\"tel:+491704167610\">+49 170 416 761 0<\/a><br \/><a href=\"mailto:s.nikodemus@volkmann-sv.de\">s.nikodemus@volkmann-sv.de<\/a><\/p>\t\t\t\t\t\t\t\t\t\t\t\t\t\n\t\t\t\t\t\t\t\t\t\t\t\t\t\t\t<img decoding=\"async\" src=\"https:\/\/zufahrtssperre.de\/wp-content\/uploads\/2025\/11\/andre-juettner.jpg\" alt=\"hotspot-marker\"\/>\n\t\t\t\t\t\t\t\t\t\tVertrieb Ost\n\t\t\t\t\t\t\t\t\t\t\t\t\t\t<p><img loading=\"lazy\" decoding=\"async\" src=\"https:\/\/zufahrtssperre.de\/wp-content\/uploads\/2025\/11\/andre-juettner.jpg\" alt=\"andre j\u00fcttner\" width=\"180\" height=\"180\" \/><\/p>\n<h3>Andre J\u00fcttner<\/h3>\nProjektleiter Sicherheitstechnik<br \/>\nBeratung &amp; Vertrieb\n<a href=\"mailto:a.juettner@volkmann-sv.de\">a.juettner@volkmann-sv.de<\/a><br \/>\n<a href=\"tel:+4915115710992\">+49 151 157 109 92<\/a><br \/>\n\n\t\t\t\t<img decoding=\"async\" src=\"https:\/\/zufahrtssperre.de\/wp-content\/uploads\/2020\/11\/orange-line-skewed.svg\" alt=\"Orange Line Skewed\" itemprop=\"image\" height=\"0\" width=\"0\" title=\"Orange Line Skewed\" onerror=\"this.style.display='none'\" loading=\"lazy\" \/>\n<h2>\n\t\t\tZufahrtssperren Referenzen\t<\/h2>\n\t\t\t<a href=\"https:\/\/zufahrtssperre.de\/en\/references\/\" target=\"_self\">\n\t\t\t\t\t\t\tMehr Referenzen &rarr;\n\t\t\t\t\t<\/a>\n\t\t\t\t<img decoding=\"async\" src=\"https:\/\/zufahrtssperre.de\/wp-content\/uploads\/2020\/11\/orange-line-skewed.svg\" alt=\"Orange Line Skewed\" itemprop=\"image\" height=\"0\" width=\"0\" title=\"Orange Line Skewed\" onerror=\"this.style.display='none'\" loading=\"lazy\" \/>\n<h2>\n\t\t\tAktuelles\t<\/h2>\n\t<p>Immer wieder d\u00fcrfen wir spannende Eins\u00e4tze begleiten. Ob Sicherung der Spiele der NFL oder von Weihnachtsm\u00e4rkten und Volksfesten. Hier lesen Sie dar\u00fcber.<\/p>\n\t\t\t<a href=\"https:\/\/zufahrtssperre.de\/en\/aktuelles\/\" target=\"_self\">\n\t\t\t\t\t\t\tAlle News &rarr;\n\t\t\t\t\t<\/a>\n<h2>\n\t\t\tFAQ zu unseren mobilen Fahrzeugsperren:\t<\/h2>\n\t\t\t\t<h3 itemprop=\"name description\">Bieten Sie sowohl Kauf- als auch Mietoptionen f\u00fcr Zufahrtssperren an?<\/h3>\n<p>Ja, wir bieten sowohl Kauf- als auch Mietoptionen f\u00fcr unsere mobilen Stra\u00dfensperren an, um Ihnen die notwendige Flexibilit\u00e4t zu geben. W\u00e4hrend der Miete profitieren Sie von einer kurzen Einsatzdauer, ideal f\u00fcr tempor\u00e4re Veranstaltungen. Der Kauf ist ideal f\u00fcr regelm\u00e4\u00dfige Nutzung oder wenn Sie langfristig planen m\u00f6chten. Unser Team steht f\u00fcr Beratung zur Verf\u00fcgung, um die beste L\u00f6sung f\u00fcr Ihre Bed\u00fcrfnisse zu finden.<\/p>\n\t\t\t\t<h3 itemprop=\"name description\">Welche Arten von Veranstaltungen eignen sich am besten f\u00fcr den Einsatz Ihrer Zufahrtssperren?<\/h3>\n<p>Unsere Zufahrtssperren sind ideal f\u00fcr eine Vielzahl von Veranstaltungen geeignet. Dazu geh\u00f6ren Festivals, die oft zahlreiche Besucher anziehen und daher ein hohes Ma\u00df an Sicherheit erfordern. Weihnachtsm\u00e4rkte und andere saisonale Feste sind aufgrund ihrer offenen Bereiche ebenfalls pr\u00e4destiniert f\u00fcr unsere Sperren. <\/p>\n<p>Sportveranstaltungen, insbesondere in Stadien oder offenen Gel\u00e4nden, profitieren ebenso von der Sicherheit, die unsere Barrieren bieten. Auch Konzerte und Stadtfeste z\u00e4hlen zu den Event-Arten, bei denen die Nutzung von Fahrzeugsperren sinnvoll ist, um unerlaubte Zufahrten zu verhindern.<br \/><\/p>\n\t\t\t\t<h3 itemprop=\"name description\">Wie schnell k\u00f6nnen Zufahrtssperren installiert und in Betrieb genommen werden?<\/h3>\n<p>Die Installation unserer Zufahrtssperren erfolgt in der Regel binnen weniger Stunden. Durch unser erfahrenes Team und optimierte Prozesse ist ein reibungsloser und schneller Aufbau gew\u00e4hrleistet. Bei Bedarf k\u00f6nnen wir noch schnellere L\u00f6sungen anbieten, um auf unvorhergesehene \u00c4nderungen oder Anforderungen zu reagieren. <\/p>\n<p>Unsere mobilen Sperren sind so konzipiert, dass sie ohne gro\u00dfen Aufwand transportiert und installiert werden k\u00f6nnen. Somit ist eine effiziente und flexible Handhabung gew\u00e4hrleistet.<\/p>\n\t\t\t\t<h3 itemprop=\"name description\">Sind Ihre Zufahrtssperren zertifiziert?<\/h3>\n<p>Ja, wir setzen ausschlie\u00dflich zertifizierte Zufahrtssperren ein und legen gr\u00f6\u00dften Wert auf die Qualit\u00e4t und Zuverl\u00e4ssigkeit unserer Produkte. Hierf\u00fcr sind wir im regelm\u00e4\u00dfigen Austausch mit unseren Partnern, um die h\u00f6chsten Sicherheitsstandards zu erf\u00fcllen. Jede Sperre wurde umfangreich getestet, um sicherzustellen, dass Sie den Anforderungen verschiedener Anwendungen und Einsatzzwecke gerecht werden. <\/p>\n<p>Unsere Zertifizierungen umfassen sowohl nationale als auch internationale Standards: ISO 22343-1, DIN SPEC 91414-1, TR-Polizei (techn. Richtlinie Polizei), ASTM F2656, IWA 14-1 und PAS-68. Diese gew\u00e4hrleisten, dass unsere Produkte nicht nur effektiv, sondern auch gesetzeskonform sind.<br \/><\/p>\n\t\t\t\t<h3 itemprop=\"name description\">K\u00f6nnen Ihre Zufahrtssperren individuell angepasst werden?<\/h3>\n<p>Unsere Fahrzeugsperren bieten eine hohe Flexibilit\u00e4t in Bezug auf Anpassungen und individuelle Anforderungen. Wir k\u00f6nnen auf spezifische Anforderungen von Veranstaltungsorten und Event-Typen eingehen. Anpassungen k\u00f6nnen teils in Bezug auf Gr\u00f6\u00dfe, Farbe und Beschriftung vorgenommen werden, um optimal zu Ihrem Event zu passen. <\/p>\n<p>Unsere Experten arbeiten eng mit Ihnen zusammen, um sicherzustellen, dass alle Ihre Anforderungen erf\u00fcllt werden. Dies garantiert eine ma\u00dfgeschneiderte Sicherheitsl\u00f6sung f\u00fcr Ihr Event.<br \/><\/p>\n\t\t\t\t<h3 itemprop=\"name description\">Bieten Sie auch internationale Dienstleistungen an?<\/h3>\n<p>Derzeit fokussieren wir uns haupts\u00e4chlich auf den deutschen Markt, sind jedoch auch offen f\u00fcr internationale Anfragen. Durch ein ausgedehntes Netzwerk von Partnern und Lieferanten k\u00f6nnen wir in vielen F\u00e4llen auch internationale L\u00f6sungen anbieten. Wir versorgen unsere internationalen Kunden mit denselben hochwertigen Produkten und umfassendem Service wie unsere einheimischen Kunden. <\/p>\n<p>Bei internationalen Projekten stehen wir Ihnen vom ersten Konzept bis zur finalen Umsetzung zur Seite. Kontaktieren Sie uns gerne f\u00fcr detailliertere Informationen zu internationalen Dienstleistungen.<\/p>\n\t\t\t\t<h3 itemprop=\"name description\">Welche Unterst\u00fctzung bieten Sie nach der Installation?<\/h3>\n<p>Nach der Installation unserer Durchfahrtssperren stehen wir Ihnen weiterhin mit umfassendem Support zur Verf\u00fcgung. Sollte es Fragen oder technische Probleme geben, ist unser Support-Team schnell zur Stelle, um L\u00f6sungen zu bieten. Dar\u00fcber hinaus bieten wir Schulungen f\u00fcr Ihr Team an, um den effektiven und sicheren Betrieb unserer Sperren zu gew\u00e4hrleisten. <\/p>\n<p>Wir sind Ihr Partner in jeder Phase des Einsatzes &#8211; von der Planung bis zur Nachbetreuung.<br \/><\/p>\n\t\t\t\t<h3 itemprop=\"name description\">Gibt es eine M\u00f6glichkeit, die Zufahrtssperren vor dem Kauf zu testen?<\/h3>\n<p>Ja, wir bieten potenziellen Kunden die M\u00f6glichkeit, unsere Fahrzeugsperren vor dem Kauf zu testen. Dies erm\u00f6glicht es Ihnen, sich aus erster Hand von der Qualit\u00e4t und Funktionalit\u00e4t unserer Produkte zu \u00fcberzeugen. Gerne stellen wir Ihnen unsere Produkte live in Montabaur vor und beraten Sie eingehend \u00fcber Ihre spezifischen Anforderungen. Unsere Experten erl\u00e4utern Ihnen detailliert die Einsatzm\u00f6glichkeiten und Vorteile der jeweiligen Sperrsysteme. Dies bietet Ihnen eine fundierte Entscheidungsgrundlage f\u00fcr den Kauf oder die Miete.<br \/><\/p>\n\t\t\t\t<h3 itemprop=\"name description\">Wie kann ich eine individuelle Beratung erhalten?<\/h3>\n<p>F\u00fcr eine individuelle Beratung k\u00f6nnen Sie uns jederzeit kontaktieren, um einen Termin mit einem unserer Sicherheitsexperten zu vereinbaren. Unsere Experten nehmen sich die Zeit, Ihre spezifischen Anforderungen und Bedenken zu verstehen. Wir bieten ma\u00dfgeschneiderte L\u00f6sungen, die sowohl Ihre Sicherheitsanforderungen als auch Ihr Budget ber\u00fccksichtigen. Sie k\u00f6nnen uns telefonisch oder per E-Mail erreichen, um ein Beratungsgespr\u00e4ch zu vereinbaren. Unser Ziel ist es, Ihnen die optimale L\u00f6sung f\u00fcr Ihre Veranstaltung zu bieten.<br \/><\/p>\n\t\t\t\t<h3 itemprop=\"name description\">Welche Ma\u00dfst\u00e4be setzen Sie f\u00fcr die Sicherheit Ihrer Fahrzeugsperren?<\/h3>\n<p>Unsere Fahrzeugsperren setzen Ma\u00dfst\u00e4be in puncto Sicherheit durch die Erf\u00fcllung strenger nationaler und internationaler Pr\u00fcfstandards. Jedes Sperrsystem wird mit innovativer Technik gefertigt und getestet, um effektiv gewaltsame \u00dcberfahrtaten zu verhindern. Wir verwenden qualitativ hochwertige Materialien, um eine lange Lebensdauer und Widerstandsf\u00e4higkeit zu gew\u00e4hrleisten. Unsere Sicherheitssysteme werden kontinuierlich weiterentwickelt, um den neuesten Sicherheitsbedrohungen gerecht zu werden. Sie bieten nicht nur Schutz, sondern auch ein beruhigendes Gef\u00fchl f\u00fcr Veranstalter und Teilnehmer.<\/p>\n\t\t\t\t<h3 itemprop=\"name description\">Wie robust sind Ihre Durchfahrtssperren gegen extreme Wetterbedingungen?<\/h3>\n<p>Unsere Durchfahrtssperren sind speziell konzipiert, um extremen Wetterbedingungen standzuhalten, einschlie\u00dflich starkem Regen, Schnee und Wind. Sie bestehen aus korrosionsbest\u00e4ndigen Materialien, die eine lange Lebensdauer sicherstellen, selbst bei widrigen Bedingungen. Durch kontinuierliche Tests und Anpassungen garantieren wir, dass die Sperren auch in herausfordernden Umgebungen funktionieren. Unser technisches Team steht bereit, um Wartungshilfe zu leisten und sicherzustellen, dass die Sperren jederzeit funktionsf\u00e4hig sind.<br \/><\/p>\n\t\t\t\t<h3 itemprop=\"name description\">Kann die Positionierung von Zufahrtssperren flexibel ver\u00e4ndert werden?<\/h3>\n<p>Ja, unsere Zufahrtssperren sind flexibel und mobil, sodass sie bei Bedarf umgesetzt werden k\u00f6nnen. Diese Mobilit\u00e4t erleichtert die Anpassung an wechselnde Anforderungen von Veranstaltungen. Dank des modularen Designs lassen sie sich einfach zusammen- und auseinanderbauen, was sowohl den Aufbau als auch den Abbau erleichtert. Das Versetzen ist mit minimalem Aufwand m\u00f6glich, was die Einsatzflexibilit\u00e4t erh\u00f6ht. Unser Support-Team kann Ihnen bei der Planung und Ausf\u00fchrung der besten Layouts f\u00fcr Ihre Sperren helfen.<br \/><\/p>\n\t\t\t\t<h3 itemprop=\"name description\">Welche Anforderungen gibt es f\u00fcr den Transport von Stra\u00dfensperren?<\/h3>\n<p>Der Transport unserer Stra\u00dfensperren ist dank ihrer modularen Bauweise unkompliziert und effizient. Sie sind so gestaltet, dass sie in Standard-Transportfahrzeugen problemlos bef\u00f6rdert werden k\u00f6nnen. Wir bieten umfassende Unterst\u00fctzung bei der Logistik, einschlie\u00dflich sicherer Verpackungsoptionen und detaillierter Anweisungen f\u00fcr den Transport. Sollten Sie spezielle Anforderungen haben, steht Ihnen unser Team beratend zur Verf\u00fcgung, um ma\u00dfgeschneiderte L\u00f6sungen zu erarbeiten.<br \/><\/p>\n\t\t\t\t<img decoding=\"async\" src=\"https:\/\/zufahrtssperre.de\/wp-content\/uploads\/2020\/11\/orange-line-skewed.svg\" alt=\"Orange Line Skewed\" itemprop=\"image\" height=\"0\" width=\"0\" title=\"Orange Line Skewed\" onerror=\"this.style.display='none'\" loading=\"lazy\" \/>\n<h2>\n\t\t\t\u00dcber uns\t<\/h2>\n\t<p>Lernen Sie uns kennen und erfahren Sie mehr \u00fcber unser Leistungsportfolio und was wir f\u00fcr Sie tun k\u00f6nnen.<\/p>\n\t\t\t<a href=\"https:\/\/zufahrtssperre.de\/en\/about-vsv-volkmann-strassen-verkehrstechnik\/\" target=\"_self\">\n\t\t\t\t\t\t\tMehr erfahren\n\t\t\t<\/a>\n\tVolkmann Strassen-<br \/>\nund Verkehrstechnik GmbH\nHohe Stra\u00dfe 9-17<br \/>\n56410 Montabaur\n\t\t\t<a href=\"https:\/\/goo.gl\/maps\/G1EMjxFCYJ6oTJqPA\" target=\"_blank\" rel=\"noopener nofollow\">\n\t\t\t\t\t\t\tAnfahrt\n\t\t\t\t\t<\/a>\n\tTel: <a href=\"tel:+4926029470275\">+49 2602 9470 275<\/a><br \/>\n<a href=\"mailto:fsb@volkmann-sv.de\">fsb@volkmann-sv.de<\/a>\n\n","protected":false},"excerpt":{"rendered":"<p>Play Video Die Verbindung zu YouTube ist blockiert worden. Durch einen Klick auf den Play-Button heben Sie diese Blockierung auf und akzeptieren die Datenschutzbestimmungen von YouTube. Mehr Informationen zum Datenschutz von YouTube finden Sie hier Mit unseren zertifizierten mobilen Zufahrtssperren f\u00fcr maximale Sicherheit! Perfekt angepasst an Ihre Anforderungen Modal Box modal- Click here to edit &#8230; <a title=\"Access barriers\" class=\"read-more\" href=\"https:\/\/zufahrtssperre.de\/en\/\" aria-label=\"Read more about Access barriers\">Read more<\/a><\/p>\n","protected":false},"author":1,"featured_media":0,"parent":0,"menu_order":55,"comment_status":"closed","ping_status":"closed","template":"","meta":{"_acf_changed":false,"_seopress_robots_primary_cat":"","_seopress_titles_title":"Mobile & temporary access & drive-through barriers","_seopress_titles_desc":"Secure your event with certified road barriers for hire or purchase. Request a free consultation!","_seopress_robots_index":"","footnotes":""},"class_list":["post-5524","page","type-page","status-publish"],"acf":[],"_links":{"self":[{"href":"https:\/\/zufahrtssperre.de\/en\/wp-json\/wp\/v2\/pages\/5524","targetHints":{"allow":["GET"]}}],"collection":[{"href":"https:\/\/zufahrtssperre.de\/en\/wp-json\/wp\/v2\/pages"}],"about":[{"href":"https:\/\/zufahrtssperre.de\/en\/wp-json\/wp\/v2\/types\/page"}],"author":[{"embeddable":true,"href":"https:\/\/zufahrtssperre.de\/en\/wp-json\/wp\/v2\/users\/1"}],"replies":[{"embeddable":true,"href":"https:\/\/zufahrtssperre.de\/en\/wp-json\/wp\/v2\/comments?post=5524"}],"version-history":[{"count":12,"href":"https:\/\/zufahrtssperre.de\/en\/wp-json\/wp\/v2\/pages\/5524\/revisions"}],"predecessor-version":[{"id":8437,"href":"https:\/\/zufahrtssperre.de\/en\/wp-json\/wp\/v2\/pages\/5524\/revisions\/8437"}],"wp:attachment":[{"href":"https:\/\/zufahrtssperre.de\/en\/wp-json\/wp\/v2\/media?parent=5524"}],"curies":[{"name":"wp","href":"https:\/\/api.w.org\/{rel}","templated":true}]}}