{"id":5525,"date":"2023-05-27T11:17:54","date_gmt":"2023-05-27T09:17:54","guid":{"rendered":"https:\/\/zufahrtssperre.de\/testimonials\/"},"modified":"2025-04-23T13:24:31","modified_gmt":"2025-04-23T11:24:31","slug":"references","status":"publish","type":"page","link":"https:\/\/zufahrtssperre.de\/en\/references\/","title":{"rendered":"References"},"content":{"rendered":"\n\n\t\t\t\t<img loading=\"lazy\" decoding=\"async\" src=\"https:\/\/zufahrtssperre.de\/\/wp-content\/uploads\/2020\/11\/orange-line-skewed.svg\" alt=\"Orange Line Skewed\" itemprop=\"image\" height=\"0\" width=\"0\" title=\"Orange Line Skewed\" onerror=\"this.style.display='none'\"  \/>\n<h1>\n\t\tFahrzeugsperren Referenzen\n\t<\/h1>\n\t<p>Einige Beispiele f\u00fcr Projekte, die mit unseren Zufahrtssperren durchgef\u00fchrt wurden finden Sie hier.<\/p>\n\t\t\t\t<img loading=\"lazy\" decoding=\"async\" src=\"https:\/\/zufahrtssperre.de\/wp-content\/uploads\/2024\/06\/csd-pitagone-sicherheit.jpg\" alt=\"csd pitagone sicherheit\" itemprop=\"image\" height=\"1500\" width=\"2000\" title=\"csd pitagone sicherheit\" onerror=\"this.style.display='none'\"  \/>\n\t\t\t\t<img loading=\"lazy\" decoding=\"async\" src=\"https:\/\/zufahrtssperre.de\/wp-content\/uploads\/2020\/11\/orange-line-skewed.svg\" alt=\"Orange Line Skewed\" itemprop=\"image\" height=\"0\" width=\"0\" title=\"Orange Line Skewed\" onerror=\"this.style.display='none'\"  \/>\n<h2>\n\t\tMehr Sicherheit f\u00fcr Ihre Veranstaltung?\n\t<\/h2>\n\t\t\t<a href=\"https:\/\/zufahrtssperre.de\/en\/contact\/\" target=\"_self\" rel=\"noopener\">\n\t\t\t\t\t\t Kostenlose Beratung\n\t\t\t\t\t<\/a>\n\t\t\t<a href=\"tel:+49260294700\" target=\"_self\" rel=\"noopener\">\n\t\t\t\t\t\t+49 (0) 2602 9470 0\n\t\t\t\t\t<\/a>\n\t\t\t\t<img loading=\"lazy\" decoding=\"async\" src=\"https:\/\/zufahrtssperre.de\/wp-content\/uploads\/2020\/11\/orange-line-skewed.svg\" alt=\"Orange Line Skewed\" itemprop=\"image\" height=\"0\" width=\"0\" title=\"Orange Line Skewed\" onerror=\"this.style.display='none'\"  \/>\n<h2>\n\t\tReferenzen\n\t<\/h2>\n\t<meta itemscope itemprop=\"mainEntityOfPage\" itemtype=\"https:\/\/schema.org\/WebPage\" itemid=\"http:\/\/5500\" content=\"UEFA Euro 2024 | Berlin, Frankfurt, K\u00f6ln, Leipzig\" \/><meta itemprop=\"datePublished\" content=\"2024-07-26\" \/><meta itemprop=\"dateModified\" content=\"2024-08-19\" \/><meta itemprop=\"name\" content=\"Zufahrtssperre.de - Volkmann Strassen- und Verkehrstechnik GmbH\"\/><meta itemprop=\"url\" content=\"https:\/\/zufahrtssperre.de\/wp-content\/uploads\/2020\/11\/logo-farbe-vsv-1.svg\"\/><meta itemprop=\"url\" content=\"https:\/\/zufahrtssperre.de\/author\/netzmaedchen\/\" \/><meta itemprop=\"name\" content=\"Volkmann Strassen- und Verkehrstechnik\" \/><meta itemprop=\"url\" content=\"https:\/\/zufahrtssperre.de\/wp-content\/uploads\/2024\/07\/safetyclaw-zufahrtssperre-vsv.jpg\" \/><meta itemprop=\"width\" content=\"1400\" \/><meta itemprop=\"height\" content=\"933\" \/><meta itemprop=\"interactionType\" content=\"https:\/\/schema.org\/CommentAction\" \/><meta itemprop=\"userInteractionCount\" content=\"0\" \/>\n\t\t\t\t\t<a href=\"https:\/\/zufahrtssperre.de\/en\/referenz\/uefa-euro-2024\/\" title=\"UEFA Euro 2024 | Berlin, Frankfurt, K\u00f6ln, Leipzig\"><\/a>\n\t\t\t\t<img loading=\"lazy\" decoding=\"async\" src=\"https:\/\/zufahrtssperre.de\/wp-content\/uploads\/bb-plugin\/cache\/safetyclaw-zufahrtssperre-vsv-800x533-landscape-716bed058a6027c71521671cc6b37c88-.jpg\" alt=\"safetyclaw zufahrtssperre vsv\" itemprop=\"image\" data-no-lazy=\"1\" height=\"533\" width=\"800\" title=\"safetyclaw zufahrtssperre vsv\" onerror=\"this.style.display='none'\"  \/>\n\t\t\t\t\t\t\t\t\t<h3 itemprop=\"headline\">\n\t\t\t\t\t\t\t\t\t\t\t\t\t\tUEFA Euro 2024 | Berlin, Frankfurt, K\u00f6ln, Leipzig\t\t\t\t\t\t\t\t\t\t\t<\/h3>\n\t<meta itemscope itemprop=\"mainEntityOfPage\" itemtype=\"https:\/\/schema.org\/WebPage\" itemid=\"http:\/\/4511\" content=\"National Football League NFL | Frankfurt\" \/><meta itemprop=\"datePublished\" content=\"2024-06-09\" \/><meta itemprop=\"dateModified\" content=\"2024-08-19\" \/><meta itemprop=\"name\" content=\"Zufahrtssperre.de - Volkmann Strassen- und Verkehrstechnik GmbH\"\/><meta itemprop=\"url\" content=\"https:\/\/zufahrtssperre.de\/wp-content\/uploads\/2020\/11\/logo-farbe-vsv-1.svg\"\/><meta itemprop=\"url\" content=\"https:\/\/zufahrtssperre.de\/author\/netzmaedchen\/\" \/><meta itemprop=\"name\" content=\"Volkmann Strassen- und Verkehrstechnik\" \/><meta itemprop=\"url\" content=\"https:\/\/zufahrtssperre.de\/wp-content\/uploads\/2024\/06\/nfl-armis-one-vsv-frankfurt.jpeg\" \/><meta itemprop=\"width\" content=\"2400\" \/><meta itemprop=\"height\" content=\"1599\" \/><meta itemprop=\"interactionType\" content=\"https:\/\/schema.org\/CommentAction\" \/><meta itemprop=\"userInteractionCount\" content=\"0\" \/>\n\t\t\t\t\t<a href=\"https:\/\/zufahrtssperre.de\/en\/referenz\/national-football-league-nfl-2023\/\" title=\"National Football League NFL | Frankfurt\"><\/a>\n\t\t\t\t<img loading=\"lazy\" decoding=\"async\" src=\"https:\/\/zufahrtssperre.de\/wp-content\/uploads\/bb-plugin\/cache\/nfl-armis-one-vsv-frankfurt-800x533-landscape-f01ffb942bdb3cb6f3779e49bab5ee1c-.jpeg\" alt=\"nfl armis one vsv frankfurt\" itemprop=\"image\" data-no-lazy=\"1\" height=\"533\" width=\"800\" title=\"nfl armis one vsv frankfurt\" onerror=\"this.style.display='none'\"  \/>\n\t\t\t\t\t\t\t\t\t<h3 itemprop=\"headline\">\n\t\t\t\t\t\t\t\t\t\t\t\t\t\tNational Football League NFL | Frankfurt\t\t\t\t\t\t\t\t\t\t\t<\/h3>\n\t<meta itemscope itemprop=\"mainEntityOfPage\" itemtype=\"https:\/\/schema.org\/WebPage\" itemid=\"http:\/\/4501\" content=\"Nature One | Kastellaun\" \/><meta itemprop=\"datePublished\" content=\"2024-06-09\" \/><meta itemprop=\"dateModified\" content=\"2024-08-19\" \/><meta itemprop=\"name\" content=\"Zufahrtssperre.de - Volkmann Strassen- und Verkehrstechnik GmbH\"\/><meta itemprop=\"url\" content=\"https:\/\/zufahrtssperre.de\/wp-content\/uploads\/2020\/11\/logo-farbe-vsv-1.svg\"\/><meta itemprop=\"url\" content=\"https:\/\/zufahrtssperre.de\/author\/netzmaedchen\/\" \/><meta itemprop=\"name\" content=\"Volkmann Strassen- und Verkehrstechnik\" \/><meta itemprop=\"url\" content=\"https:\/\/zufahrtssperre.de\/wp-content\/uploads\/2024\/06\/nature-one-2023-vsv.jpeg\" \/><meta itemprop=\"width\" content=\"1067\" \/><meta itemprop=\"height\" content=\"800\" \/><meta itemprop=\"interactionType\" content=\"https:\/\/schema.org\/CommentAction\" \/><meta itemprop=\"userInteractionCount\" content=\"0\" \/>\n\t\t\t\t\t<a href=\"https:\/\/zufahrtssperre.de\/en\/referenz\/nature-one\/\" title=\"Nature One | Kastellaun\"><\/a>\n\t\t\t\t<img loading=\"lazy\" decoding=\"async\" src=\"https:\/\/zufahrtssperre.de\/wp-content\/uploads\/bb-plugin\/cache\/nature-one-2023-vsv-800x600-landscape-8511d43b2bb0009b0dbaa13415ce0d62-.jpeg\" alt=\"nature one 2023 vsv\" itemprop=\"image\" data-no-lazy=\"1\" height=\"600\" width=\"800\" title=\"nature one 2023 vsv\" onerror=\"this.style.display='none'\"  \/>\n\t\t\t\t\t\t\t\t\t<h3 itemprop=\"headline\">\n\t\t\t\t\t\t\t\t\t\t\t\t\t\tNature One | Kastellaun\t\t\t\t\t\t\t\t\t\t\t<\/h3>\n\t<meta itemscope itemprop=\"mainEntityOfPage\" itemtype=\"https:\/\/schema.org\/WebPage\" itemid=\"http:\/\/4492\" content=\"Hochheimer Markt | Hochheim\" \/><meta itemprop=\"datePublished\" content=\"2024-06-09\" \/><meta itemprop=\"dateModified\" content=\"2024-08-19\" \/><meta itemprop=\"name\" content=\"Zufahrtssperre.de - Volkmann Strassen- und Verkehrstechnik GmbH\"\/><meta itemprop=\"url\" content=\"https:\/\/zufahrtssperre.de\/wp-content\/uploads\/2020\/11\/logo-farbe-vsv-1.svg\"\/><meta itemprop=\"url\" content=\"https:\/\/zufahrtssperre.de\/author\/netzmaedchen\/\" \/><meta itemprop=\"name\" content=\"Volkmann Strassen- und Verkehrstechnik\" \/><meta itemprop=\"url\" content=\"https:\/\/zufahrtssperre.de\/wp-content\/uploads\/2024\/06\/hochheim-vsv-armis-one-einsatzfahrzeuge.jpeg\" \/><meta itemprop=\"width\" content=\"1800\" \/><meta itemprop=\"height\" content=\"2400\" \/><meta itemprop=\"interactionType\" content=\"https:\/\/schema.org\/CommentAction\" \/><meta itemprop=\"userInteractionCount\" content=\"0\" \/>\n\t\t\t\t\t<a href=\"https:\/\/zufahrtssperre.de\/en\/referenz\/hochheimer-jahrmarkt\/\" title=\"Hochheimer Markt | Hochheim\"><\/a>\n\t\t\t\t<img loading=\"lazy\" decoding=\"async\" src=\"https:\/\/zufahrtssperre.de\/wp-content\/uploads\/bb-plugin\/cache\/hochheim-vsv-armis-one-einsatzfahrzeuge-450x600-landscape-7ce93c99b382c0a4de3ce1d58b1fc83f-.jpeg\" alt=\"hochheim vsv armis one einsatzfahrzeuge\" itemprop=\"image\" data-no-lazy=\"1\" height=\"600\" width=\"450\" title=\"hochheim vsv armis one einsatzfahrzeuge\" onerror=\"this.style.display='none'\"  \/>\n\t\t\t\t\t\t\t\t\t<h3 itemprop=\"headline\">\n\t\t\t\t\t\t\t\t\t\t\t\t\t\tHochheimer Markt | Hochheim\t\t\t\t\t\t\t\t\t\t\t<\/h3>\n\t<meta itemscope itemprop=\"mainEntityOfPage\" itemtype=\"https:\/\/schema.org\/WebPage\" itemid=\"http:\/\/4483\" content=\"Volksfest Badenfahrt | Baden\" \/><meta itemprop=\"datePublished\" content=\"2024-06-09\" \/><meta itemprop=\"dateModified\" content=\"2024-08-19\" \/><meta itemprop=\"name\" content=\"Zufahrtssperre.de - Volkmann Strassen- und Verkehrstechnik GmbH\"\/><meta itemprop=\"url\" content=\"https:\/\/zufahrtssperre.de\/wp-content\/uploads\/2020\/11\/logo-farbe-vsv-1.svg\"\/><meta itemprop=\"url\" content=\"https:\/\/zufahrtssperre.de\/author\/netzmaedchen\/\" \/><meta itemprop=\"name\" content=\"Volkmann Strassen- und Verkehrstechnik\" \/><meta itemprop=\"url\" content=\"https:\/\/zufahrtssperre.de\/wp-content\/uploads\/2024\/06\/badenfahrt-schweiz-zufahrtssperre-vsv.jpg\" \/><meta itemprop=\"width\" content=\"1800\" \/><meta itemprop=\"height\" content=\"2400\" \/><meta itemprop=\"interactionType\" content=\"https:\/\/schema.org\/CommentAction\" \/><meta itemprop=\"userInteractionCount\" content=\"0\" \/>\n\t\t\t\t\t<a href=\"https:\/\/zufahrtssperre.de\/en\/referenz\/volksfest-badenfahrt\/\" title=\"Volksfest Badenfahrt | Baden\"><\/a>\n\t\t\t\t<img loading=\"lazy\" decoding=\"async\" src=\"https:\/\/zufahrtssperre.de\/wp-content\/uploads\/bb-plugin\/cache\/badenfahrt-schweiz-zufahrtssperre-vsv-450x600-landscape-b72910e0e863404ef7edb1b3bda5712c-.jpg\" alt=\"badenfahrt schweiz zufahrtssperre vsv\" itemprop=\"image\" data-no-lazy=\"1\" height=\"600\" width=\"450\" title=\"badenfahrt schweiz zufahrtssperre vsv\" onerror=\"this.style.display='none'\"  \/>\n\t\t\t\t\t\t\t\t\t<h3 itemprop=\"headline\">\n\t\t\t\t\t\t\t\t\t\t\t\t\t\tVolksfest Badenfahrt | Baden\t\t\t\t\t\t\t\t\t\t\t<\/h3>\n\t<meta itemscope itemprop=\"mainEntityOfPage\" itemtype=\"https:\/\/schema.org\/WebPage\" itemid=\"http:\/\/4474\" content=\"100 Jahre BMW Group Werk | M\u00fcnchen\" \/><meta itemprop=\"datePublished\" content=\"2024-06-09\" \/><meta itemprop=\"dateModified\" content=\"2024-08-19\" \/><meta itemprop=\"name\" content=\"Zufahrtssperre.de - Volkmann Strassen- und Verkehrstechnik GmbH\"\/><meta itemprop=\"url\" content=\"https:\/\/zufahrtssperre.de\/wp-content\/uploads\/2020\/11\/logo-farbe-vsv-1.svg\"\/><meta itemprop=\"url\" content=\"https:\/\/zufahrtssperre.de\/author\/netzmaedchen\/\" \/><meta itemprop=\"name\" content=\"Volkmann Strassen- und Verkehrstechnik\" \/><meta itemprop=\"url\" content=\"https:\/\/zufahrtssperre.de\/wp-content\/uploads\/2024\/06\/bmw-werk-veranstaltung-sciherheit-sperre-scaled-1.jpg\" \/><meta itemprop=\"width\" content=\"2000\" \/><meta itemprop=\"height\" content=\"1500\" \/><meta itemprop=\"interactionType\" content=\"https:\/\/schema.org\/CommentAction\" \/><meta itemprop=\"userInteractionCount\" content=\"0\" \/>\n\t\t\t\t\t<a href=\"https:\/\/zufahrtssperre.de\/en\/referenz\/100-jahre-bmw-group-plant\/\" title=\"100 Jahre BMW Group Werk | M\u00fcnchen\"><\/a>\n\t\t\t\t<img loading=\"lazy\" decoding=\"async\" src=\"https:\/\/zufahrtssperre.de\/wp-content\/uploads\/bb-plugin\/cache\/bmw-werk-veranstaltung-sciherheit-sperre-scaled-1-800x600-landscape-1c4267cf0df495847d158a579f08241c-.jpg\" alt=\"bmw werk veranstaltung sciherheit sperre scaled\" itemprop=\"image\" data-no-lazy=\"1\" height=\"600\" width=\"800\" title=\"bmw werk veranstaltung sciherheit sperre scaled\" onerror=\"this.style.display='none'\"  \/>\n\t\t\t\t\t\t\t\t\t<h3 itemprop=\"headline\">\n\t\t\t\t\t\t\t\t\t\t\t\t\t\t100 Jahre BMW Group Werk | M\u00fcnchen\t\t\t\t\t\t\t\t\t\t\t<\/h3>\n\t<meta itemscope itemprop=\"mainEntityOfPage\" itemtype=\"https:\/\/schema.org\/WebPage\" itemid=\"http:\/\/4465\" content=\"Christopher Street Day \u201eCSD\" | Frankfurt\" \/><meta itemprop=\"datePublished\" content=\"2024-06-09\" \/><meta itemprop=\"dateModified\" content=\"2024-08-19\" \/><meta itemprop=\"name\" content=\"Zufahrtssperre.de - Volkmann Strassen- und Verkehrstechnik GmbH\"\/><meta itemprop=\"url\" content=\"https:\/\/zufahrtssperre.de\/wp-content\/uploads\/2020\/11\/logo-farbe-vsv-1.svg\"\/><meta itemprop=\"url\" content=\"https:\/\/zufahrtssperre.de\/author\/netzmaedchen\/\" \/><meta itemprop=\"name\" content=\"Volkmann Strassen- und Verkehrstechnik\" \/><meta itemprop=\"url\" content=\"https:\/\/zufahrtssperre.de\/wp-content\/uploads\/2024\/06\/csd-frankfurt-fahrzeugsperre-vsv.jpg\" \/><meta itemprop=\"width\" content=\"2000\" \/><meta itemprop=\"height\" content=\"1333\" \/><meta itemprop=\"interactionType\" content=\"https:\/\/schema.org\/CommentAction\" \/><meta itemprop=\"userInteractionCount\" content=\"0\" \/>\n\t\t\t\t\t<a href=\"https:\/\/zufahrtssperre.de\/en\/referenz\/christopher-street-day-csd\/\" title=\"Christopher Street Day \u201eCSD\" | Frankfurt\"><\/a>\n\t\t\t\t<img loading=\"lazy\" decoding=\"async\" src=\"https:\/\/zufahrtssperre.de\/wp-content\/uploads\/bb-plugin\/cache\/csd-frankfurt-fahrzeugsperre-vsv-800x533-landscape-95dcd049293ad4b87525e8a0352bab9b-.jpg\" alt=\"csd frankfurt fahrzeugsperre vsv\" itemprop=\"image\" data-no-lazy=\"1\" height=\"533\" width=\"800\" title=\"csd frankfurt fahrzeugsperre vsv\" onerror=\"this.style.display='none'\"  \/>\n\t\t\t\t\t\t\t\t\t<h3 itemprop=\"headline\">\n\t\t\t\t\t\t\t\t\t\t\t\t\t\tChristopher Street Day \u201eCSD&#8221; | Frankfurt\t\t\t\t\t\t\t\t\t\t\t<\/h3>\n\t<meta itemscope itemprop=\"mainEntityOfPage\" itemtype=\"https:\/\/schema.org\/WebPage\" itemid=\"http:\/\/4456\" content=\"National Football League NFL | M\u00fcnchen\" \/><meta itemprop=\"datePublished\" content=\"2024-06-09\" \/><meta itemprop=\"dateModified\" content=\"2024-08-19\" \/><meta itemprop=\"name\" content=\"Zufahrtssperre.de - Volkmann Strassen- und Verkehrstechnik GmbH\"\/><meta itemprop=\"url\" content=\"https:\/\/zufahrtssperre.de\/wp-content\/uploads\/2020\/11\/logo-farbe-vsv-1.svg\"\/><meta itemprop=\"url\" content=\"https:\/\/zufahrtssperre.de\/author\/netzmaedchen\/\" \/><meta itemprop=\"name\" content=\"Volkmann Strassen- und Verkehrstechnik\" \/><meta itemprop=\"url\" content=\"https:\/\/zufahrtssperre.de\/wp-content\/uploads\/2024\/06\/nfl-muenchen-zufahrtssperre.jpg\" \/><meta itemprop=\"width\" content=\"2000\" \/><meta itemprop=\"height\" content=\"1500\" \/><meta itemprop=\"interactionType\" content=\"https:\/\/schema.org\/CommentAction\" \/><meta itemprop=\"userInteractionCount\" content=\"0\" \/>\n\t\t\t\t\t<a href=\"https:\/\/zufahrtssperre.de\/en\/referenz\/national-football-leaguenfl-2022\/\" title=\"National Football League NFL | M\u00fcnchen\"><\/a>\n\t\t\t\t<img loading=\"lazy\" decoding=\"async\" src=\"https:\/\/zufahrtssperre.de\/wp-content\/uploads\/bb-plugin\/cache\/nfl-muenchen-zufahrtssperre-800x600-landscape-d36faa92e0f96e9239595e48018d5dfb-.jpg\" alt=\"nfl muenchen zufahrtssperre\" itemprop=\"image\" data-no-lazy=\"1\" height=\"600\" width=\"800\" title=\"nfl muenchen zufahrtssperre\" onerror=\"this.style.display='none'\"  \/>\n\t\t\t\t\t\t\t\t\t<h3 itemprop=\"headline\">\n\t\t\t\t\t\t\t\t\t\t\t\t\t\tNational Football League NFL | M\u00fcnchen\t\t\t\t\t\t\t\t\t\t\t<\/h3>\n\t<meta itemscope itemprop=\"mainEntityOfPage\" itemtype=\"https:\/\/schema.org\/WebPage\" itemid=\"http:\/\/4440\" content=\"Tag der Deutschen Einheit | Erfurt\" \/><meta itemprop=\"datePublished\" content=\"2024-06-09\" \/><meta itemprop=\"dateModified\" content=\"2024-08-19\" \/><meta itemprop=\"name\" content=\"Zufahrtssperre.de - Volkmann Strassen- und Verkehrstechnik GmbH\"\/><meta itemprop=\"url\" content=\"https:\/\/zufahrtssperre.de\/wp-content\/uploads\/2020\/11\/logo-farbe-vsv-1.svg\"\/><meta itemprop=\"url\" content=\"https:\/\/zufahrtssperre.de\/author\/netzmaedchen\/\" \/><meta itemprop=\"name\" content=\"Volkmann Strassen- und Verkehrstechnik\" \/><meta itemprop=\"url\" content=\"https:\/\/zufahrtssperre.de\/wp-content\/uploads\/2024\/06\/pitagone-erfurt-sicherheit-scaled-1.jpg\" \/><meta itemprop=\"width\" content=\"2000\" \/><meta itemprop=\"height\" content=\"1500\" \/><meta itemprop=\"interactionType\" content=\"https:\/\/schema.org\/CommentAction\" \/><meta itemprop=\"userInteractionCount\" content=\"0\" \/>\n\t\t\t\t\t<a href=\"https:\/\/zufahrtssperre.de\/en\/referenz\/tag-der-deutschen-einheit\/\" title=\"Tag der Deutschen Einheit | Erfurt\"><\/a>\n\t\t\t\t<img loading=\"lazy\" decoding=\"async\" src=\"https:\/\/zufahrtssperre.de\/wp-content\/uploads\/bb-plugin\/cache\/pitagone-erfurt-sicherheit-scaled-1-800x600-landscape-97b544c614bf6807e51866669a05ed4a-.jpg\" alt=\"pitagone erfurt sicherheit scaled\" itemprop=\"image\" data-no-lazy=\"1\" height=\"600\" width=\"800\" title=\"pitagone erfurt sicherheit scaled\" onerror=\"this.style.display='none'\"  \/>\n\t\t\t\t\t\t\t\t\t<h3 itemprop=\"headline\">\n\t\t\t\t\t\t\t\t\t\t\t\t\t\tTag der Deutschen Einheit | Erfurt\t\t\t\t\t\t\t\t\t\t\t<\/h3>\n\t\t<!-- .pp-content-posts -->\n\t\t\t\t<img loading=\"lazy\" decoding=\"async\" src=\"https:\/\/zufahrtssperre.de\/wp-content\/uploads\/2020\/11\/orange-line-skewed.svg\" alt=\"Orange Line Skewed\" itemprop=\"image\" height=\"0\" width=\"0\" title=\"Orange Line Skewed\" onerror=\"this.style.display='none'\"  \/>\n<h2>\n\t\t\u00dcber uns\n\t<\/h2>\n\t<p>Lernen Sie uns kennen und erfahren Sie mehr \u00fcber unser Leistungsportfolio und was wir f\u00fcr Sie tun k\u00f6nnen.<\/p>\n\t\t\t<a href=\"https:\/\/zufahrtssperre.de\/en\/about-vsv-volkmann-strassen-verkehrstechnik\/\" target=\"_self\" rel=\"noopener\">\n\t\t\t\t\t\t\tMehr erfahren\n\t\t\t<\/a>\n\tVolkmann Strassen-<br \/>\nund Verkehrstechnik GmbH\nHohe Stra\u00dfe 9-17<br \/>\n56410 Montabaur\n\t\t\t<a href=\"https:\/\/goo.gl\/maps\/G1EMjxFCYJ6oTJqPA\" target=\"_blank\" rel=\"noopener nofollow\">\n\t\t\t\t\t\t\tAnfahrt\n\t\t\t\t\t<\/a>\n\tTel: <a href=\"tel:+49260294700\">+49 2602 9470 0<\/a><br \/>\n<a href=\"mailto:fsb@volkmann-sv.de\">fsb@volkmann-sv.de<\/a>\n\n","protected":false},"excerpt":{"rendered":"<p>Fahrzeugsperren Referenzen Einige Beispiele f\u00fcr Projekte, die mit unseren Zufahrtssperren durchgef\u00fchrt wurden finden Sie hier. Mehr Sicherheit f\u00fcr Ihre Veranstaltung? Kostenlose Beratung +49 (0) 2602 9470 0 Referenzen UEFA Euro 2024 | Berlin, Frankfurt, K\u00f6ln, Leipzig National Football League NFL | Frankfurt Nature One | Kastellaun Hochheimer Markt | Hochheim Volksfest Badenfahrt | Baden 100 &#8230; <a title=\"References\" class=\"read-more\" href=\"https:\/\/zufahrtssperre.de\/en\/references\/\" aria-label=\"Read more about References\">Read more<\/a><\/p>\n","protected":false},"author":1,"featured_media":0,"parent":0,"menu_order":67,"comment_status":"closed","ping_status":"open","template":"","meta":{"_acf_changed":false,"_seopress_robots_primary_cat":"","_seopress_titles_title":"","_seopress_titles_desc":"","_seopress_robots_index":"","footnotes":""},"class_list":["post-5525","page","type-page","status-publish"],"acf":[],"_links":{"self":[{"href":"https:\/\/zufahrtssperre.de\/en\/wp-json\/wp\/v2\/pages\/5525","targetHints":{"allow":["GET"]}}],"collection":[{"href":"https:\/\/zufahrtssperre.de\/en\/wp-json\/wp\/v2\/pages"}],"about":[{"href":"https:\/\/zufahrtssperre.de\/en\/wp-json\/wp\/v2\/types\/page"}],"author":[{"embeddable":true,"href":"https:\/\/zufahrtssperre.de\/en\/wp-json\/wp\/v2\/users\/1"}],"replies":[{"embeddable":true,"href":"https:\/\/zufahrtssperre.de\/en\/wp-json\/wp\/v2\/comments?post=5525"}],"version-history":[{"count":4,"href":"https:\/\/zufahrtssperre.de\/en\/wp-json\/wp\/v2\/pages\/5525\/revisions"}],"predecessor-version":[{"id":5698,"href":"https:\/\/zufahrtssperre.de\/en\/wp-json\/wp\/v2\/pages\/5525\/revisions\/5698"}],"wp:attachment":[{"href":"https:\/\/zufahrtssperre.de\/en\/wp-json\/wp\/v2\/media?parent=5525"}],"curies":[{"name":"wp","href":"https:\/\/api.w.org\/{rel}","templated":true}]}}