{"id":5539,"date":"2024-07-11T22:41:33","date_gmt":"2024-07-11T20:41:33","guid":{"rendered":"https:\/\/zufahrtssperre.de\/mobile-vehicle-barriers\/event-defender\/"},"modified":"2026-02-02T16:44:26","modified_gmt":"2026-02-02T15:44:26","slug":"event-defender","status":"publish","type":"page","link":"https:\/\/zufahrtssperre.de\/en\/access-barriers-drivethrough\/event-defender\/","title":{"rendered":"Event Defender"},"content":{"rendered":"\n\n\t\t\t\t<img loading=\"lazy\" decoding=\"async\" src=\"https:\/\/zufahrtssperre.de\/\/wp-content\/uploads\/2020\/11\/orange-line-skewed.svg\" alt=\"Orange Line Skewed\" itemprop=\"image\" height=\"0\" width=\"0\" title=\"Orange Line Skewed\" onerror=\"this.style.display='none'\"  \/>\n<h1>\n\t\tEvent Defender\n\t<\/h1>\n\t<p>Der Event Defender besteht aus einzelnen Modulen, die zu einer Barriere verbunden werden.<\/p>\n\t\t\t\t<img loading=\"lazy\" decoding=\"async\" src=\"https:\/\/zufahrtssperre.de\/wp-content\/uploads\/2024\/07\/event-denfender-kirmes.jpg\" alt=\"event denfender kirmes\" itemprop=\"image\" height=\"1333\" width=\"2000\" title=\"event denfender kirmes\" onerror=\"this.style.display='none'\"  \/>\n\t\t\t\t<img loading=\"lazy\" decoding=\"async\" src=\"https:\/\/zufahrtssperre.de\/wp-content\/uploads\/2020\/11\/orange-line-skewed.svg\" alt=\"Orange Line Skewed\" itemprop=\"image\" height=\"0\" width=\"0\" title=\"Orange Line Skewed\" onerror=\"this.style.display='none'\"  \/>\n<h2>\n\t\tDie mobile Terror-Sperre  &#8211; Event Defender\n\t<\/h2>\n\t\t\t<a href=\"https:\/\/zufahrtssperre.de\/en\/contact\/\" target=\"_self\" rel=\"noopener\">\n\t\t\t\t\t\t Kostenlose Beratung\n\t\t\t\t\t<\/a>\n\t\t\t<a href=\"tel:+49260294700\" target=\"_self\" rel=\"noopener\">\n\t\t\t\t\t\t+49 (0) 2602 9470 0\n\t\t\t\t\t<\/a>\n\t\t\t\t<img loading=\"lazy\" decoding=\"async\" src=\"https:\/\/zufahrtssperre.de\/wp-content\/uploads\/2020\/11\/orange-line-skewed.svg\" alt=\"Orange Line Skewed\" itemprop=\"image\" height=\"0\" width=\"0\" title=\"Orange Line Skewed\" onerror=\"this.style.display='none'\"  \/>\n\t<p>Die Sperre verf\u00fcgt \u00fcber ein intelligentes Verschlusssystem<\/p>\n\t<p>Event Defender &#8211; Mobile Zufahrtssperre<\/p>\n\t<p>Zug\u00e4nge und Zufahrten von Events aller Art vor dem unbeabsichtigten oder geplanten Eindringen von Fahrzeugen wirkungsvoll absichert. Der Event Defender besteht aus einzelnen Modulen, die zu einer Barriere verbunden werden. Die zus\u00e4tzlich installierten Pfosten dienen dabei als Anfahrtspoller, die im Falle einer Kollision mit den hervorkippenden Anschlagsdornen von unten in das Fahrzeug eindringen und es wirksam stoppen.<\/p>\n<p>Der Event Defender ist jederzeit aktiv und darauf ausgelegt, Fahrzeuge mit 7.5 Tonnen Gewicht und einer Geschwindigkeit von 55 km\/h aufzuhalten \u00ad\u00ad- eine Bodenverankerung wird nicht ben\u00f6tigt. Die Fahrzeugbarriere bietet neben ihrer Schutzfunktion jederzeit optimale Entfluchtungsm\u00f6glichkeiten und Nutzungssicherheit sowie barrierefreien Durchgang f\u00fcr Fu\u00dfg\u00e4nger, Kinder, Fahrrad- und Rollstuhlfahrer, Rollatoren und Kinderwagen. Die Sperre verf\u00fcgt \u00fcber ein intelligentes Verschlusssystem, dass eine sekundenschnelle \u00d6ffnung f\u00fcr Rettungs- und Einsatzfahrzeuge erm\u00f6glicht.<\/p>\n\t\t\t<a href=\"https:\/\/zufahrtssperre.de\/en\/contact\/\" target=\"_self\" rel=\"noopener\">\n\t\t\t\t\t\t\tJetzt informieren &rarr;\n\t\t\t\t\t<\/a>\n<h2>\n\t\tVorteile Event Defender\n\t<\/h2>\n\t<ul>\n\t\t\t<li>\n\t\t\t\tUngehindertes Passieren der Sperre f\u00fcr Fu\u00dfg\u00e4nger, Radfahrer und Rollstuhlfahrer.\n\t\t\t<\/li>\n\t\t\t<li>\n\t\t\t\tKeine Aufsicht oder Bewachung erforderlich und weitgehend wartungsfrei.\n\t\t\t<\/li>\n\t\t\t<li>\n\t\t\t\tSicher und best\u00e4ndig gegen Vandalismus und Manipulation.\n\t\t\t<\/li>\n\t\t\t<li>\n\t\t\t\tBis 40 Tonnen befahrbar.\n\t\t\t<\/li>\n\t\t<\/ul>\n\t\t\t\t<img loading=\"lazy\" decoding=\"async\" src=\"https:\/\/zufahrtssperre.de\/wp-content\/uploads\/2024\/07\/eventdefender-fw-oeffnung.jpg\" alt=\"eventdefender fw \u00d6ffnung\" itemprop=\"image\" height=\"1281\" width=\"1920\" title=\"eventdefender fw \u00d6ffnung\" onerror=\"this.style.display='none'\"  \/>\n<h3>\n\t\tEvent Defender &#8211; Technische Daten\n\t<\/h3>\n\t<div class=\"ntb_table_wrapper ninja_table_builder_instance_0\"\n     id='ninja_table_builder_5123'\n     data-ninja_table_builder_instance=\"ninja_table_builder_instance_0\"\n     style=\"\n     max-height:8557px;\n     max-width: 1400px;margin-left: auto; margin-right: auto;\">\n     <table id=\"ntb_table\" role=\"table\" class=\"table ninja_tables_builder_class_5123 ntb_5123\" style=\"margin: 0px auto 30px; table-layout: fixed; border-collapse: collapse; border: 0px solid rgb(0, 0, 0); font-family: inherit; border-spacing: 0px;\"> <tbody class=\"tbody\"><tr id=\"tr_id_1290827\" class=\"desktop-view tr_class_1290827 \" style=\"height: 200px; background: rgb(244, 244, 244);\"> <td id=\"td_id_68649017\" rowspan=\"1\" colspan=\"1\" class=\"td_class_68649017 table-data\" style=\"padding: 17px; max-width: 150px; min-width: 150px; border: 1px solid rgb(221, 221, 221);\"><div id=\"td_id_68649017\"><\/div><\/td><td id=\"td_id_50413849\" rowspan=\"1\" colspan=\"1\" class=\"td_class_50413849 table-data\" style=\"padding: 17px; max-width: 280px; min-width: 280px; border: 1px solid rgb(221, 221, 221);\"><div id=\"td_id_50413849\"><div class=\"single-item other-item\"><div class=\"ntb-datas-wrapper\" style=\"margin: 0px 1px 1px;\"><span><a rel=\"\" class=\"hover-item\" style=\"display: block;\"><img decoding=\"async\" src=\"https:\/\/zufahrtssperre.de\/wp-content\/uploads\/2024\/07\/freisteller_eventdefender.png\" alt=\"Safety Claw\" style=\"display: block; margin-left: auto; margin-right: auto; padding: 0px; border-radius: 0%; width: 100%;\"><\/a><\/span><\/div> <\/div><div class=\"single-item other-item\"><div class=\"ntb-datas-wrapper\" style=\"margin: 1px;\"><span class=\"hover-item mce-content-body\" id=\"mce_166\" style=\"padding: 0px; font-weight: bold; font-style: normal; text-decoration: none; font-size: 20px; display: block; text-align: center; color: rgb(0, 0, 1); opacity: 1; line-height: 1.2; position: relative;\" spellcheck=\"false\">Event Defender<\/span><\/div> <\/div><\/div><\/td><\/tr><tr id=\"tr_id_4991720\" class=\"desktop-view tr_class_4991720 \" style=\"background: rgb(255, 255, 255);\"> <td id=\"td_id_60812196\" rowspan=\"1\" colspan=\"1\" class=\"td_class_60812196 table-data\" style=\"padding: 17px; max-width: 150px; min-width: 150px; border: 1px solid rgb(221, 221, 221);\"><div id=\"td_id_60812196\"><div class=\"single-item other-item\"><div class=\"ntb-datas-wrapper\" style=\"margin: 1px;\"><span class=\"hover-item mce-content-body\" style=\"padding: 0px; font-weight: bold; font-style: normal; text-decoration: none; font-size: 20px; display: block; text-align: center; color: rgb(0, 0, 1); opacity: 1; line-height: 1.2; position: relative;\" id=\"mce_167\" spellcheck=\"false\">H\u00f6he<\/span><\/div> <\/div><\/div><\/td><td id=\"td_id_63201438\" rowspan=\"1\" colspan=\"1\" class=\"td_class_63201438 table-data\" style=\"padding: 17px; max-width: 280px; min-width: 280px; border: 1px solid rgb(221, 221, 221);\"><div id=\"td_id_63201438\"><div class=\"single-item other-item\"><div class=\"ntb-datas-wrapper\" style=\"margin: 1px;\"><span class=\"hover-item mce-content-body\" style=\"padding: 0px; font-weight: normal; font-style: normal; text-decoration: none; font-size: 20px; display: block; text-align: center; color: rgb(0, 0, 1); opacity: 1; line-height: 1.2; position: relative;\" id=\"mce_168\" spellcheck=\"false\">0.97 m<\/span><\/div> <\/div><\/div><\/td><\/tr><tr id=\"tr_id_5091157\" class=\"desktop-view tr_class_5091157 \" style=\"background: rgb(255, 255, 255);\"> <td id=\"td_id_77758798\" rowspan=\"1\" colspan=\"1\" class=\"td_class_77758798 table-data\" style=\"padding: 17px; max-width: 150px; min-width: 150px; border: 1px solid rgb(221, 221, 221);\"><div id=\"td_id_77758798\"><div class=\"single-item other-item\"><div class=\"ntb-datas-wrapper\" style=\"margin: 1px;\"><span class=\"hover-item mce-content-body\" style=\"padding: 2px 0px; font-weight: normal; font-style: normal; text-decoration: none; font-size: 20px; display: block; text-align: center; color: rgb(0, 0, 1); opacity: 1; line-height: 1.2; position: relative;\" id=\"mce_169\" spellcheck=\"false\"><strong>Breite<\/strong><\/span><\/div> <\/div><\/div><\/td><td id=\"td_id_00612589\" rowspan=\"1\" colspan=\"1\" class=\"td_class_00612589 table-data\" style=\"padding: 17px; max-width: 150px; min-width: 150px; border: 1px solid rgb(221, 221, 221);\"><div id=\"td_id_00612589\"><div class=\"single-item other-item\"><div class=\"ntb-datas-wrapper\" style=\"margin: 1px;\"><span class=\"hover-item mce-content-body\" style=\"padding: 2px 0px; font-weight: normal; font-style: normal; text-decoration: none; font-size: 20px; display: block; text-align: center; color: rgb(0, 0, 1); opacity: 1; line-height: 1.2; position: relative;\" id=\"mce_170\" spellcheck=\"false\">3.90 m<\/span><\/div> <\/div><\/div><\/td><\/tr><tr id=\"tr_id_5456118\" class=\"desktop-view tr_class_5456118 \" style=\"background: rgb(255, 255, 255);\"> <td id=\"td_id_86895402\" rowspan=\"1\" colspan=\"1\" class=\"td_class_86895402 table-data\" style=\"padding: 17px; max-width: 150px; min-width: 150px; border: 1px solid rgb(221, 221, 221);\"><div id=\"td_id_86895402\"><div class=\"single-item other-item\"><div class=\"ntb-datas-wrapper\" style=\"margin: 1px;\"><span class=\"hover-item mce-content-body\" style=\"padding: 0px; font-weight: bold; font-style: normal; text-decoration: none; font-size: 20px; display: block; text-align: center; color: rgb(0, 0, 1); opacity: 1; line-height: 1.2; position: relative;\" id=\"mce_171\" spellcheck=\"false\">Tiefe<\/span><\/div> <\/div><\/div><\/td><td id=\"td_id_82169370\" rowspan=\"1\" colspan=\"1\" class=\"td_class_82169370 table-data\" style=\"padding: 17px; max-width: 280px; min-width: 280px; border: 1px solid rgb(221, 221, 221);\"><div id=\"td_id_82169370\"><div class=\"single-item other-item\"><div class=\"ntb-datas-wrapper\" style=\"margin: 1px;\"><span class=\"hover-item mce-content-body\" style=\"padding: 0px; font-weight: normal; font-style: normal; text-decoration: none; font-size: 20px; display: block; text-align: center; color: rgb(0, 0, 1); opacity: 1; line-height: 1.2; position: relative;\" id=\"mce_172\" spellcheck=\"false\">3.10 m<\/span><\/div> <\/div><\/div><\/td><\/tr><tr id=\"tr_id_2699261\" class=\"desktop-view tr_class_2699261 \" style=\"background: rgb(255, 255, 255);\"> <td id=\"td_id_70857019\" rowspan=\"1\" colspan=\"1\" class=\"td_class_70857019 table-data\" style=\"padding: 17px; max-width: 150px; min-width: 150px; border: 1px solid rgb(221, 221, 221);\"><div id=\"td_id_70857019\"><div class=\"single-item other-item\"><div class=\"ntb-datas-wrapper\" style=\"margin: 1px;\"><span class=\"hover-item mce-content-body\" style=\"padding: 0px; font-weight: bold; font-style: normal; text-decoration: none; font-size: 20px; display: block; text-align: center; color: rgb(0, 0, 1); opacity: 1; line-height: 1.2; position: relative;\" id=\"mce_173\" spellcheck=\"false\">Gewicht<\/span><\/div> <\/div><\/div><\/td><td id=\"td_id_50754974\" rowspan=\"1\" colspan=\"1\" class=\"td_class_50754974 table-data\" style=\"padding: 17px; max-width: 280px; min-width: 280px; border: 1px solid rgb(221, 221, 221);\"><div id=\"td_id_50754974\"><div class=\"single-item other-item\"><div class=\"ntb-datas-wrapper\" style=\"margin: 1px;\"><span class=\"hover-item mce-content-body\" style=\"padding: 0px; font-weight: normal; font-style: normal; text-decoration: none; font-size: 20px; display: block; text-align: center; color: rgb(0, 0, 1); opacity: 1; line-height: 1.2; position: relative;\" id=\"mce_174\" spellcheck=\"false\">3.000 kg<\/span><\/div> <\/div><\/div><\/td><\/tr><tr id=\"tr_id_2252502\" class=\"desktop-view tr_class_2252502 \" style=\"background: rgb(255, 255, 255);\"> <td id=\"td_id_21010107\" rowspan=\"1\" colspan=\"1\" class=\"td_class_21010107 table-data\" style=\"padding: 17px; max-width: 150px; min-width: 150px; border: 1px solid rgb(221, 221, 221);\"><div id=\"td_id_21010107\"><div class=\"single-item other-item\"><div class=\"ntb-datas-wrapper\" style=\"margin: 1px;\"><span class=\"hover-item mce-content-body\" style=\"padding: 0px; font-weight: bold; font-style: normal; text-decoration: none; font-size: 20px; display: block; text-align: center; color: rgb(0, 0, 1); opacity: 1; line-height: 1.2; position: relative;\" id=\"mce_175\" spellcheck=\"false\">Fluchtwegbreite<\/span><\/div> <\/div><\/div><\/td><td id=\"td_id_75014905\" rowspan=\"1\" colspan=\"1\" class=\"td_class_75014905 table-data\" style=\"padding: 17px; max-width: 280px; min-width: 280px; border: 1px solid rgb(221, 221, 221);\"><div id=\"td_id_75014905\"><div class=\"single-item other-item\"><div class=\"ntb-datas-wrapper\" style=\"margin: 1px;\"><span class=\"hover-item mce-content-body\" style=\"padding: 0px; font-weight: normal; font-style: normal; text-decoration: none; font-size: 20px; display: block; text-align: center; color: rgb(0, 0, 1); opacity: 1; line-height: 1.2; position: relative;\" id=\"mce_176\" spellcheck=\"false\">1.20 m<\/span><\/div> <\/div><\/div><\/td><\/tr><tr id=\"tr_id_7707089\" class=\"desktop-view tr_class_7707089 \" style=\"background: rgb(255, 255, 255);\"> <td id=\"td_id_76019793\" rowspan=\"1\" colspan=\"1\" class=\"td_class_76019793 table-data\" style=\"padding: 17px; max-width: 150px; min-width: 150px; border: 1px solid rgb(221, 221, 221);\"><div id=\"td_id_76019793\"><div class=\"single-item other-item\"><div class=\"ntb-datas-wrapper\" style=\"margin: 1px;\"><span class=\"hover-item mce-content-body\" style=\"padding: 0px; font-weight: bold; font-style: normal; text-decoration: none; font-size: 20px; display: block; text-align: center; color: rgb(0, 0, 1); opacity: 1; line-height: 1.2; position: relative;\" id=\"mce_177\" spellcheck=\"false\">Zertifiziert nach<\/span><\/div> <\/div><\/div><\/td><td id=\"td_id_86188590\" rowspan=\"1\" colspan=\"1\" class=\"td_class_86188590 table-data\" style=\"padding: 17px; max-width: 280px; min-width: 280px; border: 1px solid rgb(221, 221, 221);\"><div id=\"td_id_86188590\"><div class=\"single-item item-active other-item\"><div class=\"ntb-datas-wrapper\" style=\"margin: 1px;\"><div class=\"hover-item\" style=\"padding: 4px 0px;\"><div class=\"cert-image\">\n     <figure><a href=\"\/zertifikate\/#trpol\" class=\"smooth-scroll\"><img decoding=\"async\" src=\"https:\/\/zufahrtssperre.de\/wp-content\/uploads\/2024\/07\/trpol.svg\" alt=\"\"><\/a><\/figure>\n<\/div><\/div><\/div> <\/div><div class=\"single-item other-item\" draggable=\"false\"><div class=\"ntb-datas-wrapper\" style=\"margin: 1px;\"><span class=\"hover-item mce-content-body\" style=\"padding: 0px; font-weight: normal; font-style: normal; text-decoration: none; font-size: 20px; display: block; text-align: center; color: rgb(0, 0, 1); opacity: 1; line-height: 1.2; position: relative;\" id=\"mce_180\" spellcheck=\"false\">TR Polizei \u2013 SK1B<br><\/span><\/div> <\/div><\/div><\/td><\/tr><\/tbody><\/table><\/div>\n\n<h3>\n\t\tDownloads\n\t<\/h3>\n\t<strong>Datenblatt<br \/>\n<\/strong>Event Defender\n\t\t\t<a href=\"https:\/\/zufahrtssperre.de\/wp-content\/uploads\/2024\/07\/event-defender-datenblatt.pdf\" download target=\"_self\" rel=\"noopener\">\n\t\t\t\t\t\tDatenblatt\n\t\t\t\t\t<\/a>\n\t<strong>Teilzertifikat<br \/>\n<\/strong>Event Defender<br \/>\nTR Polizei &#8211; SK1B\n\t\t\t<a href=\"https:\/\/zufahrtssperre.de\/wp-content\/uploads\/2024\/07\/teilzertifikat-event-defender.pdf\" download target=\"_self\" rel=\"noopener\">\n\t\t\t\t\t\tZertifikat\n\t\t\t\t\t<\/a>\n\t\t\t\t<img loading=\"lazy\" decoding=\"async\" src=\"https:\/\/zufahrtssperre.de\/wp-content\/uploads\/2020\/11\/orange-line-skewed.svg\" alt=\"Orange Line Skewed\" itemprop=\"image\" height=\"0\" width=\"0\" title=\"Orange Line Skewed\" onerror=\"this.style.display='none'\"  \/>\n<h2>\n\t\tIhr zuverl\u00e4ssiger Partner in Sachen Sicherheit\n\t<\/h2>\n\t<p>Wir bieten Ihnen echten Full Service!<\/p>\n<h3>\n\t\t<a href=\"https:\/\/zufahrtssperre.de\/en\/full-service\/#fsb-faq-1\" title=\"Beratung\" target=\"_self\" rel=\"noopener\">\n\t\tBeratung\n\t\t<\/a>\n\t<\/h3>\n<h3>\n\t\t<a href=\"https:\/\/zufahrtssperre.de\/en\/full-service\/#fsb-faq-2\" title=\"Individuelles Zufahrts&shy;schutz-Konzept\" target=\"_self\" rel=\"noopener\">\n\t\tIndividuelles Zufahrts&shy;schutz-Konzept\n\t\t<\/a>\n\t<\/h3>\n<h3>\n\t\t<a href=\"https:\/\/zufahrtssperre.de\/en\/full-service\/#fsb-faq-3\" title=\"Konstruktion &amp; Installation\" target=\"_self\" rel=\"noopener\">\n\t\tKonstruktion &#038; Installation\n\t\t<\/a>\n\t<\/h3>\n<h3>\n\t\t<a href=\"https:\/\/zufahrtssperre.de\/en\/full-service\/#fsb-faq-4\" title=\"Transport &amp; Aufbau\" target=\"_self\" rel=\"noopener\">\n\t\tTransport &#038; Aufbau\n\t\t<\/a>\n\t<\/h3>\n<h3>\n\t\t<a href=\"https:\/\/zufahrtssperre.de\/en\/full-service\/#fsb-faq-5\" title=\"Abnahme &amp; Inbetriebnahme\" target=\"_self\" rel=\"noopener\">\n\t\tAbnahme &#038; Inbetriebnahme\n\t\t<\/a>\n\t<\/h3>\n<h3>\n\t\t<a href=\"https:\/\/zufahrtssperre.de\/en\/full-service\/#fsb-faq-6\" title=\"Aftersales\" target=\"_self\" rel=\"noopener\">\n\t\tAftersales\n\t\t<\/a>\n\t<\/h3>\n\t\t\t\t<img loading=\"lazy\" decoding=\"async\" src=\"https:\/\/zufahrtssperre.de\/wp-content\/uploads\/2020\/11\/orange-line-skewed.svg\" alt=\"Orange Line Skewed\" itemprop=\"image\" height=\"0\" width=\"0\" title=\"Orange Line Skewed\" onerror=\"this.style.display='none'\"  \/>\n<h2>\n\t\tKostenfreies Beratungsgespr\u00e4ch mit unseren Sicherheitsexperten\n\t<\/h2>\n\t<p>Sprechen Sie uns an &#8211; wir beraten Sie gerne<\/p>\n\t<p>Sie haben Fragen rund um unsere Leistungen im Bereich der Zufahrtsschutzkonzepte? Sie w\u00fcnschen eine individuelle Beratung mit einem unserer Sicherheitsexperten? Melden Sie sich gerne jederzeit bei uns, wir beraten Sie umfassend und gehen dabei auf Ihre speziellen Anforderungen ein. Unser deutschlandweites Netzwerk hilft uns dabei, auch bei Ihnen vor Ort gemeinsam passende L\u00f6sungen zu erarbeiten.<\/p>\n\t\t\t<a href=\"https:\/\/zufahrtssperre.de\/en\/contact\/\" target=\"_self\" rel=\"noopener\">\n\t\t\t\t\t\t\tKontakt aufnehmen\n\t\t\t<\/a>\n\t\t\t\t<img loading=\"lazy\" decoding=\"async\" src=\"https:\/\/zufahrtssperre.de\/wp-content\/uploads\/2024\/08\/alexander-pelletier-low-1.png\" alt=\"andre eberhardt low\" itemprop=\"image\" height=\"400\" width=\"400\" title=\"andre eberhardt low\" onerror=\"this.style.display='none'\"  \/>\n<h3>\n\t\tAndre Eberhardt\n\t<\/h3>\n\t\t\t\t<img loading=\"lazy\" decoding=\"async\" src=\"https:\/\/zufahrtssperre.de\/wp-content\/uploads\/2020\/11\/orange-line-skewed.svg\" alt=\"Orange Line Skewed\" itemprop=\"image\" height=\"0\" width=\"0\" title=\"Orange Line Skewed\" onerror=\"this.style.display='none'\"  \/>\n<h2>\n\t\tZufahrtssperren Referenzen\n\t<\/h2>\n\t<meta itemscope itemprop=\"mainEntityOfPage\" itemtype=\"https:\/\/schema.org\/WebPage\" itemid=\"http:\/\/5500\" content=\"UEFA Euro 2024 | Berlin, Frankfurt, K\u00f6ln, Leipzig\" \/><meta itemprop=\"datePublished\" content=\"2024-07-26\" \/><meta itemprop=\"dateModified\" content=\"2024-08-19\" \/><meta itemprop=\"name\" content=\"Zufahrtssperre.de - Volkmann Strassen- und Verkehrstechnik GmbH\"\/><meta itemprop=\"url\" content=\"https:\/\/zufahrtssperre.de\/wp-content\/uploads\/2020\/11\/logo-farbe-vsv-1.svg\"\/><meta itemprop=\"url\" content=\"https:\/\/zufahrtssperre.de\/author\/netzmaedchen\/\" \/><meta itemprop=\"name\" content=\"Volkmann Strassen- und Verkehrstechnik\" \/><meta itemprop=\"url\" content=\"https:\/\/zufahrtssperre.de\/wp-content\/uploads\/2024\/07\/safetyclaw-zufahrtssperre-vsv.jpg\" \/><meta itemprop=\"width\" content=\"1400\" \/><meta itemprop=\"height\" content=\"933\" \/><meta itemprop=\"interactionType\" content=\"https:\/\/schema.org\/CommentAction\" \/><meta itemprop=\"userInteractionCount\" content=\"0\" \/>\n\t\t\t\t\t<a href=\"https:\/\/zufahrtssperre.de\/en\/referenz\/uefa-euro-2024\/\" title=\"UEFA Euro 2024 | Berlin, Frankfurt, K\u00f6ln, Leipzig\"><\/a>\n\t\t\t\t<img loading=\"lazy\" decoding=\"async\" src=\"https:\/\/zufahrtssperre.de\/wp-content\/uploads\/bb-plugin\/cache\/safetyclaw-zufahrtssperre-vsv-800x533-landscape-716bed058a6027c71521671cc6b37c88-.jpg\" alt=\"safetyclaw zufahrtssperre vsv\" itemprop=\"image\" data-no-lazy=\"1\" height=\"533\" width=\"800\" title=\"safetyclaw zufahrtssperre vsv\" onerror=\"this.style.display='none'\"  \/>\n\t\t\t\t\t\t\t\t\t<h3 itemprop=\"headline\">\n\t\t\t\t\t\t\t\t\t\t\t\t\t\tUEFA Euro 2024 | Berlin, Frankfurt, K\u00f6ln, Leipzig\t\t\t\t\t\t\t\t\t\t\t<\/h3>\n\t<meta itemscope itemprop=\"mainEntityOfPage\" itemtype=\"https:\/\/schema.org\/WebPage\" itemid=\"http:\/\/4511\" content=\"National Football League NFL | Frankfurt\" \/><meta itemprop=\"datePublished\" content=\"2024-06-09\" \/><meta itemprop=\"dateModified\" content=\"2024-08-19\" \/><meta itemprop=\"name\" content=\"Zufahrtssperre.de - Volkmann Strassen- und Verkehrstechnik GmbH\"\/><meta itemprop=\"url\" content=\"https:\/\/zufahrtssperre.de\/wp-content\/uploads\/2020\/11\/logo-farbe-vsv-1.svg\"\/><meta itemprop=\"url\" content=\"https:\/\/zufahrtssperre.de\/author\/netzmaedchen\/\" \/><meta itemprop=\"name\" content=\"Volkmann Strassen- und Verkehrstechnik\" \/><meta itemprop=\"url\" content=\"https:\/\/zufahrtssperre.de\/wp-content\/uploads\/2024\/06\/nfl-armis-one-vsv-frankfurt.jpeg\" \/><meta itemprop=\"width\" content=\"2400\" \/><meta itemprop=\"height\" content=\"1599\" \/><meta itemprop=\"interactionType\" content=\"https:\/\/schema.org\/CommentAction\" \/><meta itemprop=\"userInteractionCount\" content=\"0\" \/>\n\t\t\t\t\t<a href=\"https:\/\/zufahrtssperre.de\/en\/referenz\/national-football-league-nfl-2023\/\" title=\"National Football League NFL | Frankfurt\"><\/a>\n\t\t\t\t<img loading=\"lazy\" decoding=\"async\" src=\"https:\/\/zufahrtssperre.de\/wp-content\/uploads\/bb-plugin\/cache\/nfl-armis-one-vsv-frankfurt-800x533-landscape-f01ffb942bdb3cb6f3779e49bab5ee1c-.jpeg\" alt=\"nfl armis one vsv frankfurt\" itemprop=\"image\" data-no-lazy=\"1\" height=\"533\" width=\"800\" title=\"nfl armis one vsv frankfurt\" onerror=\"this.style.display='none'\"  \/>\n\t\t\t\t\t\t\t\t\t<h3 itemprop=\"headline\">\n\t\t\t\t\t\t\t\t\t\t\t\t\t\tNational Football League NFL | Frankfurt\t\t\t\t\t\t\t\t\t\t\t<\/h3>\n\t<meta itemscope itemprop=\"mainEntityOfPage\" itemtype=\"https:\/\/schema.org\/WebPage\" itemid=\"http:\/\/4501\" content=\"Nature One | Kastellaun\" \/><meta itemprop=\"datePublished\" content=\"2024-06-09\" \/><meta itemprop=\"dateModified\" content=\"2024-08-19\" \/><meta itemprop=\"name\" content=\"Zufahrtssperre.de - Volkmann Strassen- und Verkehrstechnik GmbH\"\/><meta itemprop=\"url\" content=\"https:\/\/zufahrtssperre.de\/wp-content\/uploads\/2020\/11\/logo-farbe-vsv-1.svg\"\/><meta itemprop=\"url\" content=\"https:\/\/zufahrtssperre.de\/author\/netzmaedchen\/\" \/><meta itemprop=\"name\" content=\"Volkmann Strassen- und Verkehrstechnik\" \/><meta itemprop=\"url\" content=\"https:\/\/zufahrtssperre.de\/wp-content\/uploads\/2024\/06\/nature-one-2023-vsv.jpeg\" \/><meta itemprop=\"width\" content=\"1067\" \/><meta itemprop=\"height\" content=\"800\" \/><meta itemprop=\"interactionType\" content=\"https:\/\/schema.org\/CommentAction\" \/><meta itemprop=\"userInteractionCount\" content=\"0\" \/>\n\t\t\t\t\t<a href=\"https:\/\/zufahrtssperre.de\/en\/referenz\/nature-one\/\" title=\"Nature One | Kastellaun\"><\/a>\n\t\t\t\t<img loading=\"lazy\" decoding=\"async\" src=\"https:\/\/zufahrtssperre.de\/wp-content\/uploads\/bb-plugin\/cache\/nature-one-2023-vsv-800x600-landscape-8511d43b2bb0009b0dbaa13415ce0d62-.jpeg\" alt=\"nature one 2023 vsv\" itemprop=\"image\" data-no-lazy=\"1\" height=\"600\" width=\"800\" title=\"nature one 2023 vsv\" onerror=\"this.style.display='none'\"  \/>\n\t\t\t\t\t\t\t\t\t<h3 itemprop=\"headline\">\n\t\t\t\t\t\t\t\t\t\t\t\t\t\tNature One | Kastellaun\t\t\t\t\t\t\t\t\t\t\t<\/h3>\n\t\t<!-- .pp-content-posts -->\n\t\t\t<a href=\"https:\/\/zufahrtssperre.de\/en\/references\/\" target=\"_self\" rel=\"noopener\">\n\t\t\t\t\t\t\tMehr Referenzen &rarr;\n\t\t\t\t\t<\/a>\n\n","protected":false},"excerpt":{"rendered":"<p>Event Defender Der Event Defender besteht aus einzelnen Modulen, die zu einer Barriere verbunden werden. Die mobile Terror-Sperre &#8211; Event Defender Kostenlose Beratung +49 (0) 2602 9470 0 Die Sperre verf\u00fcgt \u00fcber ein intelligentes Verschlusssystem Event Defender &#8211; Mobile Zufahrtssperre Zug\u00e4nge und Zufahrten von Events aller Art vor dem unbeabsichtigten oder geplanten Eindringen von Fahrzeugen &#8230; <a title=\"Event Defender\" class=\"read-more\" href=\"https:\/\/zufahrtssperre.de\/en\/access-barriers-drivethrough\/event-defender\/\" aria-label=\"Read more about Event Defender\">Read more<\/a><\/p>\n","protected":false},"author":4,"featured_media":5116,"parent":5545,"menu_order":22,"comment_status":"closed","ping_status":"closed","template":"","meta":{"_acf_changed":false,"_seopress_robots_primary_cat":"","_seopress_titles_title":"Event Defender - Mobile access barrier","_seopress_titles_desc":"The Event Defender is active at all times and is designed to stop vehicles \u2013 ground anchorage is not required.","_seopress_robots_index":"","footnotes":""},"class_list":["post-5539","page","type-page","status-publish","has-post-thumbnail"],"acf":[],"_links":{"self":[{"href":"https:\/\/zufahrtssperre.de\/en\/wp-json\/wp\/v2\/pages\/5539","targetHints":{"allow":["GET"]}}],"collection":[{"href":"https:\/\/zufahrtssperre.de\/en\/wp-json\/wp\/v2\/pages"}],"about":[{"href":"https:\/\/zufahrtssperre.de\/en\/wp-json\/wp\/v2\/types\/page"}],"author":[{"embeddable":true,"href":"https:\/\/zufahrtssperre.de\/en\/wp-json\/wp\/v2\/users\/4"}],"replies":[{"embeddable":true,"href":"https:\/\/zufahrtssperre.de\/en\/wp-json\/wp\/v2\/comments?post=5539"}],"version-history":[{"count":4,"href":"https:\/\/zufahrtssperre.de\/en\/wp-json\/wp\/v2\/pages\/5539\/revisions"}],"predecessor-version":[{"id":6936,"href":"https:\/\/zufahrtssperre.de\/en\/wp-json\/wp\/v2\/pages\/5539\/revisions\/6936"}],"up":[{"embeddable":true,"href":"https:\/\/zufahrtssperre.de\/en\/wp-json\/wp\/v2\/pages\/5545"}],"wp:featuredmedia":[{"embeddable":true,"href":"https:\/\/zufahrtssperre.de\/en\/wp-json\/wp\/v2\/media\/5116"}],"wp:attachment":[{"href":"https:\/\/zufahrtssperre.de\/en\/wp-json\/wp\/v2\/media?parent=5539"}],"curies":[{"name":"wp","href":"https:\/\/api.w.org\/{rel}","templated":true}]}}